{"id":64,"date":"2025-02-07T09:06:36","date_gmt":"2025-02-07T09:06:36","guid":{"rendered":"https:\/\/tarifasdeluz.es\/?page_id=64"},"modified":"2025-02-12T12:10:53","modified_gmt":"2025-02-12T12:10:53","slug":"accesibilidad","status":"publish","type":"page","link":"https:\/\/tarifasdeluz.es\/en\/accesibilidad\/","title":{"rendered":"Accessibility"},"content":{"rendered":"<p><strong>ACCESIBILIDAD WEB<\/strong>&nbsp;<\/p>\n\n\n\n<p><strong>Actualizado 15\/03\/2023<\/strong>&nbsp;<\/p>\n\n\n\n<p><strong>RA\u00daL GIL OLLOQUIEGUI&nbsp;se compromete en hacer accesible su sitio web de conformidad con el\u202f<\/strong><a href=\"https:\/\/www.boe.es\/diario_boe\/txt.php?id=BOE-A-2018-12699\" target=\"_blank\" rel=\"noreferrer noopener\"><strong>Real Decreto 1112\/2018<\/strong><\/a><strong>, sobre accesibilidad de los sitios webs y aplicaciones para dispositivos m\u00f3viles del sector p\u00fablico.<\/strong>&nbsp;<\/p>\n\n\n\n<p>La presente declaraci\u00f3n de accesibilidad se aplica al sitio web a tarifasdeluz.es&nbsp;<\/p>\n\n\n\n<p><strong>SITUACI\u00d3N DE CUMPLIMIENTO<\/strong>&nbsp;<\/p>\n\n\n\n<p>Este sitio web es parcialmente conforme con el\u202f<a href=\"https:\/\/www.boe.es\/diario_boe\/txt.php?id=BOE-A-2018-12699\" target=\"_blank\" rel=\"noreferrer noopener\">RD 1112\/2018<\/a>\u202fdebido a la falta de conformidad de los aspectos que se indican a continuaci\u00f3n.&nbsp;<\/p>\n\n\n\n<p><strong>Contenido no accesible<\/strong>&nbsp;<\/p>\n\n\n\n<p>El contenido que se recoge a continuaci\u00f3n no es accesible por lo siguiente:&nbsp;<\/p>\n\n\n\n<p><strong>Falta de conformidad con el RD 1112\/2018<\/strong>&nbsp;<\/p>\n\n\n\n<ul class=\"wp-block-list\">\n<li>Se pueden encontrar im\u00e1genes sin que acompa\u00f1e texto explicativo.\u00a0<\/li>\n<\/ul>\n\n\n\n<ul class=\"wp-block-list\">\n<li>Se puede encontrar a\u00fan anidamientos incorrectos de etiquetas.\u00a0<\/li>\n<\/ul>\n\n\n\n<ul class=\"wp-block-list\">\n<li>Podr\u00edan existir fallos de edici\u00f3n en la p\u00e1gina web.\u00a0<\/li>\n<\/ul>\n\n\n\n<p><strong>Carga desproporcionada<\/strong>&nbsp;<\/p>\n\n\n\n<ul class=\"wp-block-list\">\n<li>No aplica.\u00a0<\/li>\n<\/ul>\n\n\n\n<p><strong>El contenido no entra dentro del \u00e1mbito de la legislaci\u00f3n aplicable.<\/strong>&nbsp;<\/p>\n\n\n\n<ul class=\"wp-block-list\">\n<li>Existen archivos ofim\u00e1ticos en PDF que no cumplan en su totalidad todos los requisitos de accesibilidad.\u00a0<\/li>\n<\/ul>\n\n\n\n<p>La presente declaraci\u00f3n fue preparada el 15 de enero de 2023.&nbsp;<\/p>\n\n\n\n<p>El m\u00e9todo empleado para preparar la declaraci\u00f3n ha sido una autoevaluaci\u00f3n llevada a cabo por el equipo de accesibilidad.&nbsp;<\/p>\n\n\n\n<p>\u00daltima revisi\u00f3n de la declaraci\u00f3n: 12 de enero de 2023.&nbsp;<\/p>\n\n\n\n<p><strong>Observaciones y datos de contacto<\/strong>&nbsp;<\/p>\n\n\n\n<p>Puede realizar comunicaciones sobre requisitos de accesibilidad (art\u00edculo 10.2.a) del RD 1112\/2018) como por ejemplo:&nbsp;<\/p>\n\n\n\n<ul class=\"wp-block-list\">\n<li>Informar sobre cualquier posible incumplimiento por parte de este sitio web.\u00a0<\/li>\n<\/ul>\n\n\n\n<ul class=\"wp-block-list\">\n<li>Transmitir otras dificultades de acceso al contenido.\u00a0<\/li>\n<\/ul>\n\n\n\n<ul class=\"wp-block-list\">\n<li>Formular cualquier otra consulta o sugerencia de mejora relativa a la accesibilidad del sitio web.\u00a0<\/li>\n<\/ul>\n\n\n\n<p>A trav\u00e9s de nuestro buz\u00f3n de sugerencias contacto@tarifasdeluz.es.&nbsp;Las comunicaciones ser\u00e1n recibidas y tratadas por el equipo de Accesibilidad.&nbsp;<\/p>","protected":false},"excerpt":{"rendered":"<p>ACCESIBILIDAD WEB&nbsp; Actualizado 15\/03\/2023&nbsp; RA\u00daL GIL OLLOQUIEGUI&nbsp;se compromete en hacer accesible su sitio web de conformidad con el\u202fReal Decreto 1112\/2018, sobre accesibilidad de los sitios webs y aplicaciones para dispositivos m\u00f3viles del sector p\u00fablico.&nbsp; La presente declaraci\u00f3n de accesibilidad se aplica al sitio web a tarifasdeluz.es&nbsp; SITUACI\u00d3N DE CUMPLIMIENTO&nbsp; Este sitio web es parcialmente conforme [&hellip;]<\/p>","protected":false},"author":1,"featured_media":0,"parent":0,"menu_order":0,"comment_status":"closed","ping_status":"closed","template":"","meta":{"footnotes":""},"class_list":["post-64","page","type-page","status-publish","hentry"],"yoast_head":"<!-- This site is optimized with the Yoast SEO plugin v26.9 - https:\/\/yoast.com\/product\/yoast-seo-wordpress\/ -->\n<title>Accesibilidad - Tarifas de luz<\/title>\n<meta name=\"robots\" content=\"index, follow, max-snippet:-1, max-image-preview:large, max-video-preview:-1\" \/>\n<link rel=\"canonical\" href=\"https:\/\/tarifasdeluz.es\/en\/accesibilidad\/\" \/>\n<meta property=\"og:locale\" content=\"en_GB\" \/>\n<meta property=\"og:type\" content=\"article\" \/>\n<meta property=\"og:title\" content=\"Accesibilidad - Tarifas de luz\" \/>\n<meta property=\"og:description\" content=\"ACCESIBILIDAD WEB&nbsp; Actualizado 15\/03\/2023&nbsp; RA\u00daL GIL OLLOQUIEGUI&nbsp;se compromete en hacer accesible su sitio web de conformidad con el\u202fReal Decreto 1112\/2018, sobre accesibilidad de los sitios webs y aplicaciones para dispositivos m\u00f3viles del sector p\u00fablico.&nbsp; La presente declaraci\u00f3n de accesibilidad se aplica al sitio web a tarifasdeluz.es&nbsp; SITUACI\u00d3N DE CUMPLIMIENTO&nbsp; Este sitio web es parcialmente conforme [&hellip;]\" \/>\n<meta property=\"og:url\" content=\"https:\/\/tarifasdeluz.es\/en\/accesibilidad\/\" \/>\n<meta property=\"og:site_name\" content=\"Tarifas de luz\" \/>\n<meta property=\"article:modified_time\" content=\"2025-02-12T12:10:53+00:00\" \/>\n<meta name=\"twitter:card\" content=\"summary_large_image\" \/>\n<meta name=\"twitter:label1\" content=\"Estimated reading time\" \/>\n\t<meta name=\"twitter:data1\" content=\"2 minutes\" \/>\n<script type=\"application\/ld+json\" class=\"yoast-schema-graph\">{\"@context\":\"https:\/\/schema.org\",\"@graph\":[{\"@type\":\"WebPage\",\"@id\":\"https:\/\/tarifasdeluz.es\/accesibilidad\/\",\"url\":\"https:\/\/tarifasdeluz.es\/accesibilidad\/\",\"name\":\"Accesibilidad - Tarifas de luz\",\"isPartOf\":{\"@id\":\"https:\/\/tarifasdeluz.es\/#website\"},\"datePublished\":\"2025-02-07T09:06:36+00:00\",\"dateModified\":\"2025-02-12T12:10:53+00:00\",\"breadcrumb\":{\"@id\":\"https:\/\/tarifasdeluz.es\/accesibilidad\/#breadcrumb\"},\"inLanguage\":\"en-GB\",\"potentialAction\":[{\"@type\":\"ReadAction\",\"target\":[\"https:\/\/tarifasdeluz.es\/accesibilidad\/\"]}]},{\"@type\":\"BreadcrumbList\",\"@id\":\"https:\/\/tarifasdeluz.es\/accesibilidad\/#breadcrumb\",\"itemListElement\":[{\"@type\":\"ListItem\",\"position\":1,\"name\":\"Portada\",\"item\":\"https:\/\/tarifasdeluz.es\/\"},{\"@type\":\"ListItem\",\"position\":2,\"name\":\"Accesibilidad\"}]},{\"@type\":\"WebSite\",\"@id\":\"https:\/\/tarifasdeluz.es\/#website\",\"url\":\"https:\/\/tarifasdeluz.es\/\",\"name\":\"Tarifas de luz\",\"description\":\"Asesor\u00eda Energ\u00e9tica\",\"potentialAction\":[{\"@type\":\"SearchAction\",\"target\":{\"@type\":\"EntryPoint\",\"urlTemplate\":\"https:\/\/tarifasdeluz.es\/?s={search_term_string}\"},\"query-input\":{\"@type\":\"PropertyValueSpecification\",\"valueRequired\":true,\"valueName\":\"search_term_string\"}}],\"inLanguage\":\"en-GB\"}]}<\/script>\n<!-- \/ Yoast SEO plugin. -->","yoast_head_json":{"title":"Accesibilidad - Tarifas de luz","robots":{"index":"index","follow":"follow","max-snippet":"max-snippet:-1","max-image-preview":"max-image-preview:large","max-video-preview":"max-video-preview:-1"},"canonical":"https:\/\/tarifasdeluz.es\/en\/accesibilidad\/","og_locale":"en_GB","og_type":"article","og_title":"Accesibilidad - Tarifas de luz","og_description":"ACCESIBILIDAD WEB&nbsp; Actualizado 15\/03\/2023&nbsp; RA\u00daL GIL OLLOQUIEGUI&nbsp;se compromete en hacer accesible su sitio web de conformidad con el\u202fReal Decreto 1112\/2018, sobre accesibilidad de los sitios webs y aplicaciones para dispositivos m\u00f3viles del sector p\u00fablico.&nbsp; La presente declaraci\u00f3n de accesibilidad se aplica al sitio web a tarifasdeluz.es&nbsp; SITUACI\u00d3N DE CUMPLIMIENTO&nbsp; Este sitio web es parcialmente conforme [&hellip;]","og_url":"https:\/\/tarifasdeluz.es\/en\/accesibilidad\/","og_site_name":"Tarifas de luz","article_modified_time":"2025-02-12T12:10:53+00:00","twitter_card":"summary_large_image","twitter_misc":{"Estimated reading time":"2 minutes"},"schema":{"@context":"https:\/\/schema.org","@graph":[{"@type":"WebPage","@id":"https:\/\/tarifasdeluz.es\/accesibilidad\/","url":"https:\/\/tarifasdeluz.es\/accesibilidad\/","name":"Accesibilidad - Tarifas de luz","isPartOf":{"@id":"https:\/\/tarifasdeluz.es\/#website"},"datePublished":"2025-02-07T09:06:36+00:00","dateModified":"2025-02-12T12:10:53+00:00","breadcrumb":{"@id":"https:\/\/tarifasdeluz.es\/accesibilidad\/#breadcrumb"},"inLanguage":"en-GB","potentialAction":[{"@type":"ReadAction","target":["https:\/\/tarifasdeluz.es\/accesibilidad\/"]}]},{"@type":"BreadcrumbList","@id":"https:\/\/tarifasdeluz.es\/accesibilidad\/#breadcrumb","itemListElement":[{"@type":"ListItem","position":1,"name":"Portada","item":"https:\/\/tarifasdeluz.es\/"},{"@type":"ListItem","position":2,"name":"Accesibilidad"}]},{"@type":"WebSite","@id":"https:\/\/tarifasdeluz.es\/#website","url":"https:\/\/tarifasdeluz.es\/","name":"Tarifas de luz","description":"Asesor\u00eda Energ\u00e9tica","potentialAction":[{"@type":"SearchAction","target":{"@type":"EntryPoint","urlTemplate":"https:\/\/tarifasdeluz.es\/?s={search_term_string}"},"query-input":{"@type":"PropertyValueSpecification","valueRequired":true,"valueName":"search_term_string"}}],"inLanguage":"en-GB"}]}},"_links":{"self":[{"href":"https:\/\/tarifasdeluz.es\/en\/wp-json\/wp\/v2\/pages\/64","targetHints":{"allow":["GET"]}}],"collection":[{"href":"https:\/\/tarifasdeluz.es\/en\/wp-json\/wp\/v2\/pages"}],"about":[{"href":"https:\/\/tarifasdeluz.es\/en\/wp-json\/wp\/v2\/types\/page"}],"author":[{"embeddable":true,"href":"https:\/\/tarifasdeluz.es\/en\/wp-json\/wp\/v2\/users\/1"}],"replies":[{"embeddable":true,"href":"https:\/\/tarifasdeluz.es\/en\/wp-json\/wp\/v2\/comments?post=64"}],"version-history":[{"count":2,"href":"https:\/\/tarifasdeluz.es\/en\/wp-json\/wp\/v2\/pages\/64\/revisions"}],"predecessor-version":[{"id":136,"href":"https:\/\/tarifasdeluz.es\/en\/wp-json\/wp\/v2\/pages\/64\/revisions\/136"}],"wp:attachment":[{"href":"https:\/\/tarifasdeluz.es\/en\/wp-json\/wp\/v2\/media?parent=64"}],"curies":[{"name":"wp","href":"https:\/\/api.w.org\/{rel}","templated":true}]}}