{"id":58,"date":"2025-02-07T09:06:01","date_gmt":"2025-02-07T09:06:01","guid":{"rendered":"https:\/\/tarifasdeluz.es\/?page_id=58"},"modified":"2025-02-12T10:24:53","modified_gmt":"2025-02-12T10:24:53","slug":"servicios","status":"publish","type":"page","link":"https:\/\/tarifasdeluz.es\/en\/servicios\/","title":{"rendered":"Services"},"content":{"rendered":"<div data-elementor-type=\"wp-page\" data-elementor-id=\"58\" class=\"elementor elementor-58\" data-elementor-post-type=\"page\">\n\t\t\t\t<div class=\"elementor-element elementor-element-02c54fe e-flex e-con-boxed e-con e-parent\" data-id=\"02c54fe\" data-element_type=\"container\" data-e-type=\"container\" data-settings=\"{&quot;background_background&quot;:&quot;classic&quot;}\">\n\t\t\t\t\t<div class=\"e-con-inner\">\n\t\t\t\t<div class=\"elementor-element elementor-element-2f4d3ba elementor-widget__width-initial elementor-position-top elementor-invisible elementor-widget elementor-widget-image-box\" data-id=\"2f4d3ba\" data-element_type=\"widget\" data-e-type=\"widget\" data-settings=\"{&quot;_animation&quot;:&quot;bounceInUp&quot;}\" data-widget_type=\"image-box.default\">\n\t\t\t\t<div class=\"elementor-widget-container\">\n\t\t\t\t\t<div class=\"elementor-image-box-wrapper\"><figure class=\"elementor-image-box-img\"><img fetchpriority=\"high\" decoding=\"async\" width=\"512\" height=\"512\" src=\"https:\/\/tarifasdeluz.es\/wp-content\/uploads\/2025\/02\/proprioception_10655772.svg\" class=\"attachment-full size-full wp-image-91\" alt=\"\" \/><\/figure><div class=\"elementor-image-box-content\"><h3 class=\"elementor-image-box-title\">Energy Consulting<\/h3><p class=\"elementor-image-box-description\">We analyze your consumption and offer you the best options on the market to reduce costs and optimize your supply.<\/p><\/div><\/div>\t\t\t\t<\/div>\n\t\t\t\t<\/div>\n\t\t\t\t<div class=\"elementor-element elementor-element-7ede02a elementor-widget__width-initial elementor-position-top elementor-invisible elementor-widget elementor-widget-image-box\" data-id=\"7ede02a\" data-element_type=\"widget\" data-e-type=\"widget\" data-settings=\"{&quot;_animation&quot;:&quot;bounceInUp&quot;}\" data-widget_type=\"image-box.default\">\n\t\t\t\t<div class=\"elementor-widget-container\">\n\t\t\t\t\t<div class=\"elementor-image-box-wrapper\"><figure class=\"elementor-image-box-img\"><img decoding=\"async\" width=\"500\" height=\"500\" src=\"https:\/\/tarifasdeluz.es\/wp-content\/uploads\/2025\/02\/criteria_12199253.svg\" class=\"attachment-full size-full wp-image-90\" alt=\"\" \/><\/figure><div class=\"elementor-image-box-content\"><h3 class=\"elementor-image-box-title\">Rate Comparison<\/h3><p class=\"elementor-image-box-description\">We study the offers from the main marketing companies to find the most competitive rate adapted to your needs.<\/p><\/div><\/div>\t\t\t\t<\/div>\n\t\t\t\t<\/div>\n\t\t\t\t<div class=\"elementor-element elementor-element-cd679b3 elementor-widget__width-initial elementor-position-top elementor-invisible elementor-widget elementor-widget-image-box\" data-id=\"cd679b3\" data-element_type=\"widget\" data-e-type=\"widget\" data-settings=\"{&quot;_animation&quot;:&quot;bounceInUp&quot;}\" data-widget_type=\"image-box.default\">\n\t\t\t\t<div class=\"elementor-widget-container\">\n\t\t\t\t\t<div class=\"elementor-image-box-wrapper\"><figure class=\"elementor-image-box-img\"><img decoding=\"async\" width=\"682\" height=\"682\" src=\"https:\/\/tarifasdeluz.es\/wp-content\/uploads\/2025\/02\/productivity_3315242.svg\" class=\"attachment-full size-full wp-image-89\" alt=\"\" \/><\/figure><div class=\"elementor-image-box-content\"><h3 class=\"elementor-image-box-title\">Management and Processing<\/h3><p class=\"elementor-image-box-description\">We take care of all administrative procedures for changing rates, contracting or modifying the supply.<\/p><\/div><\/div>\t\t\t\t<\/div>\n\t\t\t\t<\/div>\n\t\t\t\t\t<\/div>\n\t\t\t\t<\/div>\n\t\t<div class=\"elementor-element elementor-element-3379097 e-flex e-con-boxed e-con e-parent\" data-id=\"3379097\" data-element_type=\"container\" data-e-type=\"container\" data-settings=\"{&quot;background_background&quot;:&quot;classic&quot;}\">\n\t\t\t\t\t<div class=\"e-con-inner\">\n\t\t\t\t<div class=\"elementor-element elementor-element-8f1823f elementor-widget__width-initial elementor-position-top elementor-invisible elementor-widget elementor-widget-image-box\" data-id=\"8f1823f\" data-element_type=\"widget\" data-e-type=\"widget\" data-settings=\"{&quot;_animation&quot;:&quot;bounceInUp&quot;}\" data-widget_type=\"image-box.default\">\n\t\t\t\t<div class=\"elementor-widget-container\">\n\t\t\t\t\t<div class=\"elementor-image-box-wrapper\"><figure class=\"elementor-image-box-img\"><img loading=\"lazy\" decoding=\"async\" width=\"512\" height=\"512\" src=\"https:\/\/tarifasdeluz.es\/wp-content\/uploads\/2025\/02\/acceleration_7666384.svg\" class=\"attachment-full size-full wp-image-88\" alt=\"\" \/><\/figure><div class=\"elementor-image-box-content\"><h3 class=\"elementor-image-box-title\">Power Optimization<\/h3><p class=\"elementor-image-box-description\">We adjust the contracted power to avoid unnecessary extra costs and maximize savings.<\/p><\/div><\/div>\t\t\t\t<\/div>\n\t\t\t\t<\/div>\n\t\t\t\t<div class=\"elementor-element elementor-element-d25992d elementor-widget__width-initial elementor-position-top elementor-invisible elementor-widget elementor-widget-image-box\" data-id=\"d25992d\" data-element_type=\"widget\" data-e-type=\"widget\" data-settings=\"{&quot;_animation&quot;:&quot;bounceInUp&quot;}\" data-widget_type=\"image-box.default\">\n\t\t\t\t<div class=\"elementor-widget-container\">\n\t\t\t\t\t<div class=\"elementor-image-box-wrapper\"><figure class=\"elementor-image-box-img\"><img loading=\"lazy\" decoding=\"async\" width=\"512\" height=\"512\" src=\"https:\/\/tarifasdeluz.es\/wp-content\/uploads\/2025\/02\/windmill_6556370.svg\" class=\"attachment-full size-full wp-image-87\" alt=\"\" \/><\/figure><div class=\"elementor-image-box-content\"><h3 class=\"elementor-image-box-title\">Renewable Energy<\/h3><p class=\"elementor-image-box-description\">We advise you on the contracting of green 100% energy for more sustainable and responsible consumption.<\/p><\/div><\/div>\t\t\t\t<\/div>\n\t\t\t\t<\/div>\n\t\t\t\t<div class=\"elementor-element elementor-element-f9a5314 elementor-widget__width-initial elementor-position-top elementor-invisible elementor-widget elementor-widget-image-box\" data-id=\"f9a5314\" data-element_type=\"widget\" data-e-type=\"widget\" data-settings=\"{&quot;_animation&quot;:&quot;bounceInUp&quot;}\" data-widget_type=\"image-box.default\">\n\t\t\t\t<div class=\"elementor-widget-container\">\n\t\t\t\t\t<div class=\"elementor-image-box-wrapper\"><figure class=\"elementor-image-box-img\"><img loading=\"lazy\" decoding=\"async\" width=\"512\" height=\"512\" src=\"https:\/\/tarifasdeluz.es\/wp-content\/uploads\/2025\/02\/evaluation_9746038.svg\" class=\"attachment-full size-full wp-image-86\" alt=\"\" \/><\/figure><div class=\"elementor-image-box-content\"><h3 class=\"elementor-image-box-title\">Energy Audit and Efficiency<\/h3><p class=\"elementor-image-box-description\">We evaluate the energy performance of your home or business, proposing improvements to reduce costs and increase efficiency.<\/p><\/div><\/div>\t\t\t\t<\/div>\n\t\t\t\t<\/div>\n\t\t\t\t\t<\/div>\n\t\t\t\t<\/div>\n\t\t\t\t<\/div>","protected":false},"excerpt":{"rendered":"<p>Asesoramiento Energ\u00e9tico Analizamos tu consumo y te ofrecemos las mejores opciones del mercado para reducir costos y optimizar tu suministro. Comparaci\u00f3n de Tarifas Estudiamos las ofertas de las principales comercializadoras para encontrar la tarifa m\u00e1s competitiva y adaptada a tus necesidades. Gesti\u00f3n y Tramitaci\u00f3n Nos encargamos de todos los tr\u00e1mites administrativos para el cambio de [&hellip;]<\/p>","protected":false},"author":1,"featured_media":0,"parent":0,"menu_order":0,"comment_status":"closed","ping_status":"closed","template":"","meta":{"footnotes":""},"class_list":["post-58","page","type-page","status-publish","hentry"],"yoast_head":"<!-- This site is optimized with the Yoast SEO plugin v26.9 - https:\/\/yoast.com\/product\/yoast-seo-wordpress\/ -->\n<title>Servicios - Tarifas de luz<\/title>\n<meta name=\"robots\" content=\"index, follow, max-snippet:-1, max-image-preview:large, max-video-preview:-1\" \/>\n<link rel=\"canonical\" href=\"https:\/\/tarifasdeluz.es\/en\/servicios\/\" \/>\n<meta property=\"og:locale\" content=\"en_GB\" \/>\n<meta property=\"og:type\" content=\"article\" \/>\n<meta property=\"og:title\" content=\"Servicios - Tarifas de luz\" \/>\n<meta property=\"og:description\" content=\"Asesoramiento Energ\u00e9tico Analizamos tu consumo y te ofrecemos las mejores opciones del mercado para reducir costos y optimizar tu suministro. Comparaci\u00f3n de Tarifas Estudiamos las ofertas de las principales comercializadoras para encontrar la tarifa m\u00e1s competitiva y adaptada a tus necesidades. Gesti\u00f3n y Tramitaci\u00f3n Nos encargamos de todos los tr\u00e1mites administrativos para el cambio de [&hellip;]\" \/>\n<meta property=\"og:url\" content=\"https:\/\/tarifasdeluz.es\/en\/servicios\/\" \/>\n<meta property=\"og:site_name\" content=\"Tarifas de luz\" \/>\n<meta property=\"article:modified_time\" content=\"2025-02-12T10:24:53+00:00\" \/>\n<meta name=\"twitter:card\" content=\"summary_large_image\" \/>\n<meta name=\"twitter:label1\" content=\"Estimated reading time\" \/>\n\t<meta name=\"twitter:data1\" content=\"2 minutes\" \/>\n<script type=\"application\/ld+json\" class=\"yoast-schema-graph\">{\"@context\":\"https:\/\/schema.org\",\"@graph\":[{\"@type\":\"WebPage\",\"@id\":\"https:\/\/tarifasdeluz.es\/servicios\/\",\"url\":\"https:\/\/tarifasdeluz.es\/servicios\/\",\"name\":\"Servicios - Tarifas de luz\",\"isPartOf\":{\"@id\":\"https:\/\/tarifasdeluz.es\/#website\"},\"primaryImageOfPage\":{\"@id\":\"https:\/\/tarifasdeluz.es\/servicios\/#primaryimage\"},\"image\":{\"@id\":\"https:\/\/tarifasdeluz.es\/servicios\/#primaryimage\"},\"thumbnailUrl\":\"https:\/\/tarifasdeluz.es\/wp-content\/uploads\/2025\/02\/proprioception_10655772.svg\",\"datePublished\":\"2025-02-07T09:06:01+00:00\",\"dateModified\":\"2025-02-12T10:24:53+00:00\",\"breadcrumb\":{\"@id\":\"https:\/\/tarifasdeluz.es\/servicios\/#breadcrumb\"},\"inLanguage\":\"en-GB\",\"potentialAction\":[{\"@type\":\"ReadAction\",\"target\":[\"https:\/\/tarifasdeluz.es\/servicios\/\"]}]},{\"@type\":\"ImageObject\",\"inLanguage\":\"en-GB\",\"@id\":\"https:\/\/tarifasdeluz.es\/servicios\/#primaryimage\",\"url\":\"https:\/\/tarifasdeluz.es\/wp-content\/uploads\/2025\/02\/proprioception_10655772.svg\",\"contentUrl\":\"https:\/\/tarifasdeluz.es\/wp-content\/uploads\/2025\/02\/proprioception_10655772.svg\"},{\"@type\":\"BreadcrumbList\",\"@id\":\"https:\/\/tarifasdeluz.es\/servicios\/#breadcrumb\",\"itemListElement\":[{\"@type\":\"ListItem\",\"position\":1,\"name\":\"Portada\",\"item\":\"https:\/\/tarifasdeluz.es\/\"},{\"@type\":\"ListItem\",\"position\":2,\"name\":\"Servicios\"}]},{\"@type\":\"WebSite\",\"@id\":\"https:\/\/tarifasdeluz.es\/#website\",\"url\":\"https:\/\/tarifasdeluz.es\/\",\"name\":\"Tarifas de luz\",\"description\":\"Asesor\u00eda Energ\u00e9tica\",\"potentialAction\":[{\"@type\":\"SearchAction\",\"target\":{\"@type\":\"EntryPoint\",\"urlTemplate\":\"https:\/\/tarifasdeluz.es\/?s={search_term_string}\"},\"query-input\":{\"@type\":\"PropertyValueSpecification\",\"valueRequired\":true,\"valueName\":\"search_term_string\"}}],\"inLanguage\":\"en-GB\"}]}<\/script>\n<!-- \/ Yoast SEO plugin. -->","yoast_head_json":{"title":"Servicios - Tarifas de luz","robots":{"index":"index","follow":"follow","max-snippet":"max-snippet:-1","max-image-preview":"max-image-preview:large","max-video-preview":"max-video-preview:-1"},"canonical":"https:\/\/tarifasdeluz.es\/en\/servicios\/","og_locale":"en_GB","og_type":"article","og_title":"Servicios - Tarifas de luz","og_description":"Asesoramiento Energ\u00e9tico Analizamos tu consumo y te ofrecemos las mejores opciones del mercado para reducir costos y optimizar tu suministro. Comparaci\u00f3n de Tarifas Estudiamos las ofertas de las principales comercializadoras para encontrar la tarifa m\u00e1s competitiva y adaptada a tus necesidades. Gesti\u00f3n y Tramitaci\u00f3n Nos encargamos de todos los tr\u00e1mites administrativos para el cambio de [&hellip;]","og_url":"https:\/\/tarifasdeluz.es\/en\/servicios\/","og_site_name":"Tarifas de luz","article_modified_time":"2025-02-12T10:24:53+00:00","twitter_card":"summary_large_image","twitter_misc":{"Estimated reading time":"2 minutes"},"schema":{"@context":"https:\/\/schema.org","@graph":[{"@type":"WebPage","@id":"https:\/\/tarifasdeluz.es\/servicios\/","url":"https:\/\/tarifasdeluz.es\/servicios\/","name":"Servicios - Tarifas de luz","isPartOf":{"@id":"https:\/\/tarifasdeluz.es\/#website"},"primaryImageOfPage":{"@id":"https:\/\/tarifasdeluz.es\/servicios\/#primaryimage"},"image":{"@id":"https:\/\/tarifasdeluz.es\/servicios\/#primaryimage"},"thumbnailUrl":"https:\/\/tarifasdeluz.es\/wp-content\/uploads\/2025\/02\/proprioception_10655772.svg","datePublished":"2025-02-07T09:06:01+00:00","dateModified":"2025-02-12T10:24:53+00:00","breadcrumb":{"@id":"https:\/\/tarifasdeluz.es\/servicios\/#breadcrumb"},"inLanguage":"en-GB","potentialAction":[{"@type":"ReadAction","target":["https:\/\/tarifasdeluz.es\/servicios\/"]}]},{"@type":"ImageObject","inLanguage":"en-GB","@id":"https:\/\/tarifasdeluz.es\/servicios\/#primaryimage","url":"https:\/\/tarifasdeluz.es\/wp-content\/uploads\/2025\/02\/proprioception_10655772.svg","contentUrl":"https:\/\/tarifasdeluz.es\/wp-content\/uploads\/2025\/02\/proprioception_10655772.svg"},{"@type":"BreadcrumbList","@id":"https:\/\/tarifasdeluz.es\/servicios\/#breadcrumb","itemListElement":[{"@type":"ListItem","position":1,"name":"Portada","item":"https:\/\/tarifasdeluz.es\/"},{"@type":"ListItem","position":2,"name":"Servicios"}]},{"@type":"WebSite","@id":"https:\/\/tarifasdeluz.es\/#website","url":"https:\/\/tarifasdeluz.es\/","name":"Tarifas de luz","description":"Asesor\u00eda Energ\u00e9tica","potentialAction":[{"@type":"SearchAction","target":{"@type":"EntryPoint","urlTemplate":"https:\/\/tarifasdeluz.es\/?s={search_term_string}"},"query-input":{"@type":"PropertyValueSpecification","valueRequired":true,"valueName":"search_term_string"}}],"inLanguage":"en-GB"}]}},"_links":{"self":[{"href":"https:\/\/tarifasdeluz.es\/en\/wp-json\/wp\/v2\/pages\/58","targetHints":{"allow":["GET"]}}],"collection":[{"href":"https:\/\/tarifasdeluz.es\/en\/wp-json\/wp\/v2\/pages"}],"about":[{"href":"https:\/\/tarifasdeluz.es\/en\/wp-json\/wp\/v2\/types\/page"}],"author":[{"embeddable":true,"href":"https:\/\/tarifasdeluz.es\/en\/wp-json\/wp\/v2\/users\/1"}],"replies":[{"embeddable":true,"href":"https:\/\/tarifasdeluz.es\/en\/wp-json\/wp\/v2\/comments?post=58"}],"version-history":[{"count":2,"href":"https:\/\/tarifasdeluz.es\/en\/wp-json\/wp\/v2\/pages\/58\/revisions"}],"predecessor-version":[{"id":118,"href":"https:\/\/tarifasdeluz.es\/en\/wp-json\/wp\/v2\/pages\/58\/revisions\/118"}],"wp:attachment":[{"href":"https:\/\/tarifasdeluz.es\/en\/wp-json\/wp\/v2\/media?parent=58"}],"curies":[{"name":"wp","href":"https:\/\/api.w.org\/{rel}","templated":true}]}}