{"id":37,"date":"2025-02-06T15:31:01","date_gmt":"2025-02-06T15:31:01","guid":{"rendered":"http:\/\/atresmarketing"},"modified":"2025-02-07T11:45:08","modified_gmt":"2025-02-07T11:45:08","slug":"politica-de-cookies","status":"publish","type":"page","link":"https:\/\/tarifasdeluz.es\/en\/politica-de-cookies\/","title":{"rendered":"Cookie Policy"},"content":{"rendered":"<p>POLITICA DE COOKIES&nbsp;<\/p>\n\n\n\n<p>El dominio <strong>tarifasdeluz.es<\/strong> utiliza procedimientos autom\u00e1ticos de recogida (Cookies) para reunir informaci\u00f3n personal como puede ser el tipo de navegador o sistema operativo, p\u00e1gina de referencia, ruta, dominio ISP (Proveedor de Internet), etc. todo ello con el fin de mejorar los servicios prestados. Las Cookies nos ayudan a adaptar esta p\u00e1gina web a sus necesidades personales.&nbsp;<\/p>\n\n\n\n<p>Una \u00abCookie\u00bb es un peque\u00f1o archivo que se almacena en el ordenador del usuario y nos permite reconocerle. El conjunto de \u00abcookies\u00bb nos ayuda a mejorar la calidad de nuestra web, permiti\u00e9ndonos as\u00ed personalizar hasta cierto punto la navegaci\u00f3n de cada usuario por nuestra web. Las cookies actualmente son esenciales para el funcionamiento de internet, aportando innumerables ventajas en la prestaci\u00f3n de servicios interactivos, facilit\u00e1ndole la navegaci\u00f3n y usabilidad de nuestra web.&nbsp;<\/p>\n\n\n\n<p>Tenga en cuenta que las cookies no pueden da\u00f1ar su equipo y que, a cambio, el que est\u00e9n activadas nos ayudan a identificar y resolver los errores y mejorar la navegabilidad de nuestro sitio.&nbsp;<\/p>\n\n\n\n<p><strong>Tipolog\u00eda de cookies:<\/strong>&nbsp;<\/p>\n\n\n\n<p>Para una mayor informaci\u00f3n del usuario sobre la tipolog\u00eda y uso de las cookies le informamos que:&nbsp;<\/p>\n\n\n\n<ol start=\"1\" class=\"wp-block-list\">\n<li>Desde el punto de vista de <strong>\u2018tiempo de vida\u2019 de la cookie<\/strong> (tiempo que la cookie permanece activa en nuestro equipo) podemos diferenciar las cookies entre:\u00a0<\/li>\n<\/ol>\n\n\n\n<ol start=\"2\" class=\"wp-block-list\">\n<li><strong>Cookies de sesi\u00f3n<\/strong>: son cookies temporales que permanecen en el archivo de cookies de su navegador hasta que abandone la p\u00e1gina web, por lo que ninguna queda registrada en el disco duro del usuario. La informaci\u00f3n obtenida por medio de estas cookies, sirven para analizar pautas de tr\u00e1fico en la web. A la larga, esto nos permite proporcionar una mejor experiencia para mejorar el contenido y facilitando su uso.\u00a0<\/li>\n<\/ol>\n\n\n\n<ol start=\"3\" class=\"wp-block-list\">\n<li><strong>Cookies permanentes:<\/strong> son almacenadas en el disco duro y nuestra web las lee cada vez que usted realiza una nueva visita. Una cookie permanente posee una fecha de expiraci\u00f3n determinada. La cookie dejar\u00e1 de funcionar despu\u00e9s de esa fecha. Las utilizamos, generalmente, para facilitar los servicios de compra y registro.\u00a0<\/li>\n<\/ol>\n\n\n\n<ol start=\"4\" class=\"wp-block-list\">\n<li>Desde el punto de vista del<strong> uso de cada cookie<\/strong>, podemos diferenciar entre:\u00a0<\/li>\n<\/ol>\n\n\n\n<ol start=\"1\" class=\"wp-block-list\">\n<li><strong>Cookies Requeridas<\/strong>: son las cookies estrictamente necesarias como, por ejemplo, aquellas que sirvan para una correcta navegaci\u00f3n o las que permitan realizar el pago de bienes o servicios solicitados por el usuario o cookies que sirvan para asegurar que el contenido de la p\u00e1gina web se carga eficazmente.\u00a0<\/li>\n<\/ol>\n\n\n\n<p>Dentro de la categor\u00eda de cookies Requeridas se pueden encontrar tambi\u00e9n cookies con las siguientes finalidades:&nbsp;<\/p>\n\n\n\n<ul class=\"wp-block-list\">\n<li>Permitir \u00fanicamente la comunicaci\u00f3n entre el equipo del usuario y la red.\u00a0<\/li>\n<\/ul>\n\n\n\n<ul class=\"wp-block-list\">\n<li>Estrictamente prestar un servicio expresamente solicitado por el usuario.\u00a0<\/li>\n<\/ul>\n\n\n\n<p>En estos dos casos le informamos que no se requiere la informaci\u00f3n y el consentimiento del usuario para la instalaci\u00f3n de las referidas cookies. En concreto, seg\u00fan el Grupo de Trabajo de Expertos de la UE, en el Art\u00edculo 29 de su Dictamen 4\/20123 ha interpretado que entre las cookies exceptuadas estar\u00edan aquellas que tienen por finalidad:&nbsp;<\/p>\n\n\n\n<ul class=\"wp-block-list\">\n<li>Cookies de \u201centrada del usuario\u201d\u00a0<\/li>\n<\/ul>\n\n\n\n<ul class=\"wp-block-list\">\n<li>Cookies de autenticaci\u00f3n o identificaci\u00f3n de usuario (\u00fanicamente de sesi\u00f3n)\u00a0<\/li>\n<\/ul>\n\n\n\n<ul class=\"wp-block-list\">\n<li>Cookies de seguridad del usuario\u00a0<\/li>\n<\/ul>\n\n\n\n<ul class=\"wp-block-list\">\n<li>Cookies de sesi\u00f3n de reproductor multimedia\u00a0<\/li>\n<\/ul>\n\n\n\n<ul class=\"wp-block-list\">\n<li>Cookies de sesi\u00f3n para equilibrar la carga\u00a0<\/li>\n<\/ul>\n\n\n\n<ul class=\"wp-block-list\">\n<li>Cookies de personalizaci\u00f3n de la interfaz de usuario\u00a0<\/li>\n<\/ul>\n\n\n\n<ul class=\"wp-block-list\">\n<li>Cookies de complemento (plug-in) para intercambiar contenidos sociales\u00a0<\/li>\n<\/ul>\n\n\n\n<p><strong>Para todo el resto de cookies Requeridas no incluidas en los anteriores supuestos requerir\u00e1n la informaci\u00f3n previa y el consentimiento del usuario.<\/strong>&nbsp;<\/p>\n\n\n\n<ol start=\"1\" class=\"wp-block-list\">\n<li><strong>Cookies Funcionales (anal\u00edticas)<\/strong>: son cookies que nos permiten analizar el uso del Sitio web, de manera que podamos medir y mejorar el funcionamiento.\u00a0<\/li>\n<\/ol>\n\n\n\n<ol start=\"2\" class=\"wp-block-list\">\n<li><strong>Cookies de Publicidad y de Terceros<\/strong>: son las cookies usadas por redes sociales, o por complementos externos de contenido como google maps como tambi\u00e9n cookies de empresas publicitarias para publicar anuncios relevantes para sus intereses.\u00a0<\/li>\n<\/ol>\n\n\n\n<p><strong>RA\u00daL GIL OLLOQUIEGUI. <\/strong>guarda toda la informaci\u00f3n recogida a trav\u00e9s de las Cookies en un formato no personalizado (direcci\u00f3n de IP). Este tipo de informaci\u00f3n obtenida a trav\u00e9s de las Cookies no ser\u00e1 revelada fuera de <strong>RA\u00daL GIL OLLOQUIEGUI.<\/strong>, ni utilizada para comunicaciones no solicitadas.&nbsp;<\/p>\n\n\n\n<p><strong>Privacidad adecuada\u2013 Gesti\u00f3n de cookies:<\/strong>&nbsp;<\/p>\n\n\n\n<p>En caso de que el usuario lo quisiera, el registro de las cookies podr\u00e1 estar sujeto a su aceptaci\u00f3n durante la instalaci\u00f3n o puesta al d\u00eda del navegador usado. El usuario puede en todo momento revocar su aceptaci\u00f3n mediante las opciones de configuraci\u00f3n de contenidos y privacidad disponibles en cada navegador. No obstante, en caso de que el usuario no permita la instalaci\u00f3n de cookies en su navegador es posible que no pueda acceder a alguna de las secciones de nuestro sitio web.&nbsp;<\/p>\n\n\n\n<p>Para m\u00e1s informaci\u00f3n sobre la configuraci\u00f3n apropiada de las cookies y las opciones de activaci\u00f3n, restricci\u00f3n y\/o inhabilitaci\u00f3n se debe acudir en la secci\u00f3n de ayuda de su navegador para conocer m\u00e1s:&nbsp;<\/p>\n\n\n\n<ul class=\"wp-block-list\">\n<li>M\u00e1s informaci\u00f3n sobre como bloquear el uso de las cookies en <a href=\"https:\/\/support.google.com\/chrome\/answer\/95647?hl=es\" target=\"_blank\" rel=\"noreferrer noopener\">Google Chrome<\/a>\u00a0<\/li>\n<\/ul>\n\n\n\n<ul class=\"wp-block-list\">\n<li>M\u00e1s informaci\u00f3n sobre como bloquear el uso de las cookies en <a href=\"http:\/\/support.mozilla.org\/es\/kb\/habilitar-y-deshabilitar-cookies-que-los-sitios-we?esab=a&amp;s=cookies&amp;r=7&amp;as=s\" target=\"_blank\" rel=\"noreferrer noopener\">Firefox<\/a>\u00a0<\/li>\n<\/ul>\n\n\n\n<ul class=\"wp-block-list\">\n<li>M\u00e1s informaci\u00f3n sobre como bloquear el uso de las cookies en <a href=\"http:\/\/windows.microsoft.com\/es-es\/windows7\/how-to-manage-cookies-in-internet-explorer-9\" target=\"_blank\" rel=\"noreferrer noopener\">Internet Explorer<\/a>\u00a0<\/li>\n<\/ul>\n\n\n\n<ul class=\"wp-block-list\">\n<li>M\u00e1s informaci\u00f3n sobre como bloquear el uso de las cookies en <a href=\"http:\/\/support.apple.com\/kb\/ph5042\" target=\"_blank\" rel=\"noreferrer noopener\">Safari<\/a>\u00a0<\/li>\n<\/ul>\n\n\n\n<p>Muchos navegadores permiten activar un modo privado mediante el cual las cookies se borran siempre despu\u00e9s de su visita. Dependiendo de cada navegador este modo privado, puede tener diferentes nombres. A continuaci\u00f3n, encontrar\u00e1 una lista de los navegadores m\u00e1s comunes y los diferentes nombres de este \u201cmodo privado\u201d:&nbsp;<\/p>\n\n\n\n<ul class=\"wp-block-list\">\n<li>Internet Explorer 8 y superior; InPrivate\u00a0<\/li>\n<\/ul>\n\n\n\n<ul class=\"wp-block-list\">\n<li>Safari 2 y superior; Navegaci\u00f3n Privada\u00a0<\/li>\n<\/ul>\n\n\n\n<ul class=\"wp-block-list\">\n<li>Opera 10.5 y superior; Navegaci\u00f3n Privada\u00a0<\/li>\n<\/ul>\n\n\n\n<ul class=\"wp-block-list\">\n<li>FireFox 3.5 y superior; Navegaci\u00f3n Privada\u00a0<\/li>\n<\/ul>\n\n\n\n<ul class=\"wp-block-list\">\n<li>Google Chrome 10 y superior; Inc\u00f3gnito\u00a0<\/li>\n<\/ul>\n\n\n\n<p><strong>Cookies de redes sociales<\/strong>&nbsp;<\/p>\n\n\n\n<p>Las Cookies de redes sociales pueden almacenarse en su navegador mientras navega por <strong>tarifasdeluz.es<\/strong>&nbsp;<\/p>\n\n\n\n<p>Las empresas que generan estas cookies correspondientes a las\u202f redes sociales que utiliza esta web\u202f tienen sus \u202fpropias pol\u00edticas de cookies:&nbsp;<\/p>\n\n\n\n<p>\u2013 Cookie de Twitter, seg\u00fan lo dispuesto en su\u202f<a href=\"https:\/\/twitter.com\/privacy\" target=\"_blank\" rel=\"noreferrer noopener\">pol\u00edtica de privacidad y uso de cookies.<\/a>&nbsp;<\/p>\n\n\n\n<p>\u2013 Cookie de Linkedin, seg\u00fan lo dispuesto en su\u202f<a href=\"https:\/\/www.linkedin.com\/legal\/cookie-policy?trk=hp-cookies\" target=\"_blank\" rel=\"noreferrer noopener\">Pol\u00edtica de Cookies<\/a>&nbsp;<\/p>\n\n\n\n<p>\u2013 Cookie de Facebook e Instagram, seg\u00fan lo dispuesto en su\u202f<a href=\"https:\/\/www.facebook.com\/help\/cookies?ref_type=sitefooter\" target=\"_blank\" rel=\"noreferrer noopener\">Pol\u00edtica de Cookies<\/a>&nbsp;<\/p>\n\n\n\n<p>\u2013 Cookie de\u202fGoogle Maps, seg\u00fan lo dispuesto en su p\u00e1gina sobre qu\u00e9\u202f<a href=\"http:\/\/www.google.com\/intl\/es\/policies\/technologies\/types\/\" target=\"_blank\" rel=\"noreferrer noopener\">tipo de cookies utilizan<\/a>.&nbsp;<\/p>\n\n\n\n<p><strong>\u202f<\/strong>&nbsp;<\/p>\n\n\n\n<p><strong>Relaci\u00f3n y descripci\u00f3n de cookies:<\/strong>&nbsp;<\/p>\n\n\n\n<p>Las tablas que publicamos a continuaci\u00f3n recogen de forma esquematizada las cookies anteriormente descritas y utilizadas en el sitio web de <strong>RA\u00daL GIL OLLOQUIEGUI.<\/strong>:&nbsp;<\/p>\n\n\n\n<figure class=\"wp-block-table\"><table class=\"has-fixed-layout\"><tbody><tr><td><strong>Nombre de cookie<\/strong>&nbsp;<\/td><td><strong>Dominio de cookie<\/strong>&nbsp;<\/td><td><strong>Expira<\/strong>&nbsp;<strong>(sesi\u00f3n, permanente)<\/strong>&nbsp;<\/td><td><strong>Uso de cookie<\/strong>&nbsp;<strong>(Requerida-Funcional-Terceros\/Publicidad)<\/strong>&nbsp;<\/td><\/tr><tr><td>_utma&nbsp;<\/td><td><strong>tarifasdeluz.es<\/strong>&nbsp;<\/td><td>2 a\u00f1os&nbsp;<\/td><td>Funcional (Google Analytics)&nbsp;<\/td><\/tr><tr><td>_utmb&nbsp;<\/td><td><strong>tarifasdeluz.es<\/strong>&nbsp;<\/td><td>Sesi\u00f3n&nbsp;<\/td><td>Funcional (Google Analytics)&nbsp;<\/td><\/tr><tr><td>_utmc&nbsp;<\/td><td><strong>tarifasdeluz.es<\/strong>&nbsp;<\/td><td>Sesi\u00f3n&nbsp;<\/td><td>Funcional (Google Analytics)&nbsp;<\/td><\/tr><tr><td>_utmz&nbsp;<\/td><td><strong>tarifasdeluz.es<\/strong>&nbsp;<\/td><td>6 meses&nbsp;<\/td><td>Funcional (Google Analytics)&nbsp;<\/td><\/tr><tr><td>ASPSESSIONIDQSTRDDDS&nbsp;<\/td><td><strong>tarifasdeluz.es<\/strong>&nbsp;<\/td><td>Sesi\u00f3n&nbsp;<\/td><td>\u202f&nbsp;<\/td><\/tr><tr><td>wordpress_&nbsp;<\/td><td><strong>tarifasdeluz.es<\/strong>&nbsp;<\/td><td>Hasta el final de la sesi\u00f3n&nbsp;<\/td><td>Identifica a un usuario registrado&nbsp;<\/td><\/tr><tr><td>wordpress_test_cookie&nbsp;<\/td><td><strong>tarifasdeluz.es<\/strong>&nbsp;<\/td><td>Hasta el final de la sesi\u00f3n&nbsp;<\/td><td>Identifica a un usuario registrado&nbsp;<\/td><\/tr><tr><td>wordpress_logged_in_&nbsp;<\/td><td><strong>tarifasdeluz.es<\/strong>&nbsp;<\/td><td>Hasta el final de la sesi\u00f3n&nbsp;<\/td><td>Identifica a un usuario registrado&nbsp;<\/td><\/tr><tr><td>__wp-settings&nbsp;<\/td><td><strong>tarifasdeluz.es<\/strong>&nbsp;<\/td><td>Caduca en 1 a\u00f1o&nbsp;<\/td><td>Esta cookie se utiliza para personalizar el interfaz de usuario&nbsp;<\/td><\/tr><tr><td>__wp-settings-time&nbsp;<\/td><td><strong>tarifasdeluz.es<\/strong>&nbsp;<\/td><td>Caduca en 1 a\u00f1o&nbsp;<\/td><td>Esta cookie se utiliza para personalizar el interfaz de usuario&nbsp;<\/td><\/tr><\/tbody><\/table><\/figure>\n\n\n\n<p>\u202f&nbsp;<\/p>\n\n\n\n<p>Para m\u00e1s informaci\u00f3n: <a href=\"https:\/\/www.aepd.es\/guias\/index.html\" target=\"_blank\" rel=\"noreferrer noopener\">https:\/\/www.aepd.es\/guias\/index.htmlv<\/a>&nbsp;<\/p>","protected":false},"excerpt":{"rendered":"<p>POLITICA DE COOKIES&nbsp; El dominio tarifasdeluz.es utiliza procedimientos autom\u00e1ticos de recogida (Cookies) para reunir informaci\u00f3n personal como puede ser el tipo de navegador o sistema operativo, p\u00e1gina de referencia, ruta, dominio ISP (Proveedor de Internet), etc. todo ello con el fin de mejorar los servicios prestados. Las Cookies nos ayudan a adaptar esta p\u00e1gina web [&hellip;]<\/p>","protected":false},"author":1,"featured_media":0,"parent":0,"menu_order":0,"comment_status":"closed","ping_status":"closed","template":"","meta":{"footnotes":""},"class_list":["post-37","page","type-page","status-publish","hentry"],"yoast_head":"<!-- This site is optimized with the Yoast SEO plugin v26.9 - https:\/\/yoast.com\/product\/yoast-seo-wordpress\/ -->\n<title>Pol\u00edtica de cookies - Tarifas de luz<\/title>\n<meta name=\"robots\" content=\"noindex, nofollow\" \/>\n<meta property=\"og:locale\" content=\"en_GB\" \/>\n<meta property=\"og:type\" content=\"article\" \/>\n<meta property=\"og:title\" content=\"Pol\u00edtica de cookies - Tarifas de luz\" \/>\n<meta property=\"og:description\" content=\"POLITICA DE COOKIES&nbsp; El dominio tarifasdeluz.es utiliza procedimientos autom\u00e1ticos de recogida (Cookies) para reunir informaci\u00f3n personal como puede ser el tipo de navegador o sistema operativo, p\u00e1gina de referencia, ruta, dominio ISP (Proveedor de Internet), etc. todo ello con el fin de mejorar los servicios prestados. Las Cookies nos ayudan a adaptar esta p\u00e1gina web [&hellip;]\" \/>\n<meta property=\"og:url\" content=\"https:\/\/tarifasdeluz.es\/en\/politica-de-cookies\/\" \/>\n<meta property=\"og:site_name\" content=\"Tarifas de luz\" \/>\n<meta property=\"article:modified_time\" content=\"2025-02-07T11:45:08+00:00\" \/>\n<meta name=\"twitter:card\" content=\"summary_large_image\" \/>\n<meta name=\"twitter:label1\" content=\"Estimated reading time\" \/>\n\t<meta name=\"twitter:data1\" content=\"6 minutes\" \/>\n<script type=\"application\/ld+json\" class=\"yoast-schema-graph\">{\"@context\":\"https:\/\/schema.org\",\"@graph\":[{\"@type\":\"WebPage\",\"@id\":\"https:\/\/tarifasdeluz.es\/politica-de-cookies\/\",\"url\":\"https:\/\/tarifasdeluz.es\/politica-de-cookies\/\",\"name\":\"Pol\u00edtica de cookies - Tarifas de luz\",\"isPartOf\":{\"@id\":\"https:\/\/tarifasdeluz.es\/#website\"},\"datePublished\":\"2025-02-06T15:31:01+00:00\",\"dateModified\":\"2025-02-07T11:45:08+00:00\",\"breadcrumb\":{\"@id\":\"https:\/\/tarifasdeluz.es\/politica-de-cookies\/#breadcrumb\"},\"inLanguage\":\"en-GB\",\"potentialAction\":[{\"@type\":\"ReadAction\",\"target\":[\"https:\/\/tarifasdeluz.es\/politica-de-cookies\/\"]}]},{\"@type\":\"BreadcrumbList\",\"@id\":\"https:\/\/tarifasdeluz.es\/politica-de-cookies\/#breadcrumb\",\"itemListElement\":[{\"@type\":\"ListItem\",\"position\":1,\"name\":\"Portada\",\"item\":\"https:\/\/tarifasdeluz.es\/\"},{\"@type\":\"ListItem\",\"position\":2,\"name\":\"Pol\u00edtica de cookies\"}]},{\"@type\":\"WebSite\",\"@id\":\"https:\/\/tarifasdeluz.es\/#website\",\"url\":\"https:\/\/tarifasdeluz.es\/\",\"name\":\"Tarifas de luz\",\"description\":\"Asesor\u00eda Energ\u00e9tica\",\"potentialAction\":[{\"@type\":\"SearchAction\",\"target\":{\"@type\":\"EntryPoint\",\"urlTemplate\":\"https:\/\/tarifasdeluz.es\/?s={search_term_string}\"},\"query-input\":{\"@type\":\"PropertyValueSpecification\",\"valueRequired\":true,\"valueName\":\"search_term_string\"}}],\"inLanguage\":\"en-GB\"}]}<\/script>\n<!-- \/ Yoast SEO plugin. -->","yoast_head_json":{"title":"Pol\u00edtica de cookies - Tarifas de luz","robots":{"index":"noindex","follow":"nofollow"},"og_locale":"en_GB","og_type":"article","og_title":"Pol\u00edtica de cookies - Tarifas de luz","og_description":"POLITICA DE COOKIES&nbsp; El dominio tarifasdeluz.es utiliza procedimientos autom\u00e1ticos de recogida (Cookies) para reunir informaci\u00f3n personal como puede ser el tipo de navegador o sistema operativo, p\u00e1gina de referencia, ruta, dominio ISP (Proveedor de Internet), etc. todo ello con el fin de mejorar los servicios prestados. Las Cookies nos ayudan a adaptar esta p\u00e1gina web [&hellip;]","og_url":"https:\/\/tarifasdeluz.es\/en\/politica-de-cookies\/","og_site_name":"Tarifas de luz","article_modified_time":"2025-02-07T11:45:08+00:00","twitter_card":"summary_large_image","twitter_misc":{"Estimated reading time":"6 minutes"},"schema":{"@context":"https:\/\/schema.org","@graph":[{"@type":"WebPage","@id":"https:\/\/tarifasdeluz.es\/politica-de-cookies\/","url":"https:\/\/tarifasdeluz.es\/politica-de-cookies\/","name":"Pol\u00edtica de cookies - Tarifas de luz","isPartOf":{"@id":"https:\/\/tarifasdeluz.es\/#website"},"datePublished":"2025-02-06T15:31:01+00:00","dateModified":"2025-02-07T11:45:08+00:00","breadcrumb":{"@id":"https:\/\/tarifasdeluz.es\/politica-de-cookies\/#breadcrumb"},"inLanguage":"en-GB","potentialAction":[{"@type":"ReadAction","target":["https:\/\/tarifasdeluz.es\/politica-de-cookies\/"]}]},{"@type":"BreadcrumbList","@id":"https:\/\/tarifasdeluz.es\/politica-de-cookies\/#breadcrumb","itemListElement":[{"@type":"ListItem","position":1,"name":"Portada","item":"https:\/\/tarifasdeluz.es\/"},{"@type":"ListItem","position":2,"name":"Pol\u00edtica de cookies"}]},{"@type":"WebSite","@id":"https:\/\/tarifasdeluz.es\/#website","url":"https:\/\/tarifasdeluz.es\/","name":"Tarifas de luz","description":"Asesor\u00eda Energ\u00e9tica","potentialAction":[{"@type":"SearchAction","target":{"@type":"EntryPoint","urlTemplate":"https:\/\/tarifasdeluz.es\/?s={search_term_string}"},"query-input":{"@type":"PropertyValueSpecification","valueRequired":true,"valueName":"search_term_string"}}],"inLanguage":"en-GB"}]}},"_links":{"self":[{"href":"https:\/\/tarifasdeluz.es\/en\/wp-json\/wp\/v2\/pages\/37","targetHints":{"allow":["GET"]}}],"collection":[{"href":"https:\/\/tarifasdeluz.es\/en\/wp-json\/wp\/v2\/pages"}],"about":[{"href":"https:\/\/tarifasdeluz.es\/en\/wp-json\/wp\/v2\/types\/page"}],"author":[{"embeddable":true,"href":"https:\/\/tarifasdeluz.es\/en\/wp-json\/wp\/v2\/users\/1"}],"replies":[{"embeddable":true,"href":"https:\/\/tarifasdeluz.es\/en\/wp-json\/wp\/v2\/comments?post=37"}],"version-history":[{"count":1,"href":"https:\/\/tarifasdeluz.es\/en\/wp-json\/wp\/v2\/pages\/37\/revisions"}],"predecessor-version":[{"id":108,"href":"https:\/\/tarifasdeluz.es\/en\/wp-json\/wp\/v2\/pages\/37\/revisions\/108"}],"wp:attachment":[{"href":"https:\/\/tarifasdeluz.es\/en\/wp-json\/wp\/v2\/media?parent=37"}],"curies":[{"name":"wp","href":"https:\/\/api.w.org\/{rel}","templated":true}]}}